{"id":3117,"date":"2021-10-15T06:44:13","date_gmt":"2021-10-15T06:44:13","guid":{"rendered":"https:\/\/nockberge-trail.com\/?page_id=3117"},"modified":"2022-12-22T08:33:22","modified_gmt":"2022-12-22T08:33:22","slug":"tour-operator","status":"publish","type":"page","link":"https:\/\/nockberge-trail.com\/en\/tour-operator\/","title":{"rendered":"Tour Operator"},"content":{"rendered":"<div id='av_section_1'  class='avia-section av-4jqp6u-a1b704ed46cf68f8b83abadc9f2f3b3d main_color avia-section-default avia-no-border-styling  avia-builder-el-0  avia-builder-el-no-sibling  avia-bg-style-scroll container_wrap fullsize'  ><div class='container av-section-cont-open' ><main  role=\"main\" itemprop=\"mainContentOfPage\"  class='template-page content  av-content-full alpha units'><div class='post-entry post-entry-type-page post-entry-3117'><div class='entry-content-wrapper clearfix'>\n\n<style type=\"text\/css\" data-created_by=\"avia_inline_auto\" id=\"style-css-av-21mj2e-748974ac24e52ddfea6488900e16052f\">\n.flex_column.av-21mj2e-748974ac24e52ddfea6488900e16052f{\nborder-radius:0px 0px 0px 0px;\npadding:0px 0px 0px 0px;\n}\n<\/style>\n<div  class='flex_column av-21mj2e-748974ac24e52ddfea6488900e16052f av_one_full  avia-builder-el-1  el_before_av_one_fifth  avia-builder-el-first  first flex_column_div av-zero-column-padding  '     ><p>\n<style type=\"text\/css\" data-created_by=\"avia_inline_auto\" id=\"style-css-av-kus62s3a-81c183d5528f63bbe9403148657a4b48\">\n#top .av-special-heading.av-kus62s3a-81c183d5528f63bbe9403148657a4b48{\npadding-bottom:10px;\n}\nbody .av-special-heading.av-kus62s3a-81c183d5528f63bbe9403148657a4b48 .av-special-heading-tag .heading-char{\nfont-size:25px;\n}\n.av-special-heading.av-kus62s3a-81c183d5528f63bbe9403148657a4b48 .av-subheading{\nfont-size:15px;\n}\n<\/style>\n<div  class='av-special-heading av-kus62s3a-81c183d5528f63bbe9403148657a4b48 av-special-heading-h1  avia-builder-el-2  el_before_av_heading  avia-builder-el-first '><h1 class='av-special-heading-tag '  itemprop=\"headline\"  >Tour Operator<\/h1><div class=\"special-heading-border\"><div class=\"special-heading-inner-border\"><\/div><\/div><\/div><br \/>\n\n<style type=\"text\/css\" data-created_by=\"avia_inline_auto\" id=\"style-css-av-kus63aem-73dbf047d1078dfad3cec8859408d141\">\n#top .av-special-heading.av-kus63aem-73dbf047d1078dfad3cec8859408d141{\npadding-bottom:10px;\n}\nbody .av-special-heading.av-kus63aem-73dbf047d1078dfad3cec8859408d141 .av-special-heading-tag .heading-char{\nfont-size:25px;\n}\n.av-special-heading.av-kus63aem-73dbf047d1078dfad3cec8859408d141 .av-subheading{\nfont-size:15px;\n}\n<\/style>\n<div  class='av-special-heading av-kus63aem-73dbf047d1078dfad3cec8859408d141 av-special-heading-h2  avia-builder-el-3  el_after_av_heading  avia-builder-el-last '><h2 class='av-special-heading-tag '  itemprop=\"headline\"  >Book now with our official partners<\/h2><div class=\"special-heading-border\"><div class=\"special-heading-inner-border\"><\/div><\/div><\/div><\/p><\/div>\n<style type=\"text\/css\" data-created_by=\"avia_inline_auto\" id=\"style-css-av-7kkyae-ab8429a2103d9b0c12c006b1611e915d\">\n.flex_column.av-7kkyae-ab8429a2103d9b0c12c006b1611e915d{\nborder-radius:0px 0px 0px 0px;\npadding:0px 0px 0px 0px;\n}\n<\/style>\n<div  class='flex_column av-7kkyae-ab8429a2103d9b0c12c006b1611e915d av_one_fifth  avia-builder-el-4  el_after_av_one_full  el_before_av_four_fifth  first flex_column_div av-zero-column-padding  column-top-margin'     ><style type=\"text\/css\" data-created_by=\"avia_inline_auto\" id=\"style-css-av-kus5xtnl-fc07b23b36a12ba67eb72a7fdaafcbd4\">\n.avia-image-container.av-kus5xtnl-fc07b23b36a12ba67eb72a7fdaafcbd4 img.avia_image{\nbox-shadow:none;\n}\n.avia-image-container.av-kus5xtnl-fc07b23b36a12ba67eb72a7fdaafcbd4 .av-image-caption-overlay-center{\ncolor:#ffffff;\n}\n<\/style>\n<div  class='avia-image-container av-kus5xtnl-fc07b23b36a12ba67eb72a7fdaafcbd4 av-styling- av-img-linked avia-align-center  avia-builder-el-5  avia-builder-el-no-sibling '   itemprop=\"image\" itemscope=\"itemscope\" itemtype=\"https:\/\/schema.org\/ImageObject\" ><div class=\"avia-image-container-inner\"><div class=\"avia-image-overlay-wrap\"><a href=\"https:\/\/www.laserer-alpin.at\/winter\/genussskitouren\/nockbergetrail\/\" class='avia_image ' target=\"_blank\" rel=\"noopener noreferrer\" aria-label='laserer-alpin'><img decoding=\"async\" fetchpriority=\"high\" class='wp-image-3128 avia-img-lazy-loading-not-3128 avia_image ' src=\"https:\/\/nockberge-trail.com\/wp-content\/uploads\/2021\/10\/laserer-alpin.png\" alt='' title='laserer-alpin'  height=\"200\" width=\"350\"  itemprop=\"thumbnailUrl\" srcset=\"https:\/\/nockberge-trail.com\/wp-content\/uploads\/2021\/10\/laserer-alpin.png 350w, https:\/\/nockberge-trail.com\/wp-content\/uploads\/2021\/10\/laserer-alpin-300x171.png 300w\" sizes=\"(max-width: 350px) 100vw, 350px\" \/><\/a><\/div><\/div><\/div><\/div>\n<style type=\"text\/css\" data-created_by=\"avia_inline_auto\" id=\"style-css-av-6jgsfq-bc6e7f2f7d75848c4f145fe8388f3af3\">\n.flex_column.av-6jgsfq-bc6e7f2f7d75848c4f145fe8388f3af3{\nborder-radius:0px 0px 0px 0px;\npadding:0px 0px 0px 0px;\n}\n<\/style>\n<div  class='flex_column av-6jgsfq-bc6e7f2f7d75848c4f145fe8388f3af3 av_four_fifth  avia-builder-el-6  el_after_av_one_fifth  avia-builder-el-last  flex_column_div av-zero-column-padding  column-top-margin'     ><section  class='av_textblock_section av-kus5wi46-1a0989470940156219c1fc4a3558905a '   itemscope=\"itemscope\" itemtype=\"https:\/\/schema.org\/CreativeWork\" ><div class='avia_textblock'  itemprop=\"text\" ><h3>Laserer Alpin<\/h3>\n<p><a href=\"https:\/\/www.laserer-alpin.at\/winter\/genussskitouren\/nockbergetrail\/\" target=\"_blank\" rel=\"noopener\">Nockberge-Trail: Die Wildnis &amp; Wellness Skidurchquerung<\/a><\/p>\n<\/div><\/section><\/div>\n","protected":false},"excerpt":{"rendered":"","protected":false},"author":1,"featured_media":0,"parent":0,"menu_order":0,"comment_status":"closed","ping_status":"closed","template":"","meta":{"footnotes":"","_links_to":"","_links_to_target":""},"class_list":["post-3117","page","type-page","status-publish","hentry"],"yoast_head":"<!-- This site is optimized with the Yoast SEO plugin v27.5 - https:\/\/yoast.com\/product\/yoast-seo-wordpress\/ -->\n<title>Reiseveranstalter Nockberge-Trail Skidurchquerung K\u00e4rntner Nockberge<\/title>\n<meta name=\"description\" content=\"Offizielle Nockberge-Trail Reiseveranstalter. In 4 Tagesetappen durch den wundersch\u00f6nen Biosph\u00e4renpark in den K\u00e4rntner Nockbergen.\" \/>\n<meta name=\"robots\" content=\"index, follow, max-snippet:-1, max-image-preview:large, max-video-preview:-1\" \/>\n<link rel=\"canonical\" href=\"https:\/\/nockberge-trail.com\/en\/tour-operator\/\" \/>\n<meta property=\"og:locale\" content=\"en_US\" \/>\n<meta property=\"og:type\" content=\"article\" \/>\n<meta property=\"og:title\" content=\"Reiseveranstalter Nockberge-Trail Skidurchquerung K\u00e4rntner Nockberge\" \/>\n<meta property=\"og:description\" content=\"Offizielle Nockberge-Trail Reiseveranstalter. In 4 Tagesetappen durch den wundersch\u00f6nen Biosph\u00e4renpark in den K\u00e4rntner Nockbergen.\" \/>\n<meta property=\"og:url\" content=\"https:\/\/nockberge-trail.com\/en\/tour-operator\/\" \/>\n<meta property=\"og:site_name\" content=\"Nockberge-Trail\" \/>\n<meta property=\"article:modified_time\" content=\"2022-12-22T08:33:22+00:00\" \/>\n<meta name=\"twitter:card\" content=\"summary_large_image\" \/>\n<meta name=\"twitter:label1\" content=\"Est. reading time\" \/>\n\t<meta name=\"twitter:data1\" content=\"3 minutes\" \/>\n<script type=\"application\/ld+json\" class=\"yoast-schema-graph\">{\"@context\":\"https:\\\/\\\/schema.org\",\"@graph\":[{\"@type\":\"WebPage\",\"@id\":\"https:\\\/\\\/nockberge-trail.com\\\/en\\\/tour-operator\\\/\",\"url\":\"https:\\\/\\\/nockberge-trail.com\\\/en\\\/tour-operator\\\/\",\"name\":\"Reiseveranstalter Nockberge-Trail Skidurchquerung K\u00e4rntner Nockberge\",\"isPartOf\":{\"@id\":\"https:\\\/\\\/nockberge-trail.com\\\/#website\"},\"datePublished\":\"2021-10-15T06:44:13+00:00\",\"dateModified\":\"2022-12-22T08:33:22+00:00\",\"description\":\"Offizielle Nockberge-Trail Reiseveranstalter. In 4 Tagesetappen durch den wundersch\u00f6nen Biosph\u00e4renpark in den K\u00e4rntner Nockbergen.\",\"breadcrumb\":{\"@id\":\"https:\\\/\\\/nockberge-trail.com\\\/en\\\/tour-operator\\\/#breadcrumb\"},\"inLanguage\":\"en-US\",\"potentialAction\":[{\"@type\":\"ReadAction\",\"target\":[\"https:\\\/\\\/nockberge-trail.com\\\/en\\\/tour-operator\\\/\"]}]},{\"@type\":\"BreadcrumbList\",\"@id\":\"https:\\\/\\\/nockberge-trail.com\\\/en\\\/tour-operator\\\/#breadcrumb\",\"itemListElement\":[{\"@type\":\"ListItem\",\"position\":1,\"name\":\"Startseite\",\"item\":\"https:\\\/\\\/nockberge-trail.com\\\/en\\\/\"},{\"@type\":\"ListItem\",\"position\":2,\"name\":\"Tour Operator\"}]},{\"@type\":\"WebSite\",\"@id\":\"https:\\\/\\\/nockberge-trail.com\\\/#website\",\"url\":\"https:\\\/\\\/nockberge-trail.com\\\/\",\"name\":\"Nockberge-Trail\",\"description\":\"Skitouren Nockberge\",\"publisher\":{\"@id\":\"https:\\\/\\\/nockberge-trail.com\\\/#organization\"},\"potentialAction\":[{\"@type\":\"SearchAction\",\"target\":{\"@type\":\"EntryPoint\",\"urlTemplate\":\"https:\\\/\\\/nockberge-trail.com\\\/?s={search_term_string}\"},\"query-input\":{\"@type\":\"PropertyValueSpecification\",\"valueRequired\":true,\"valueName\":\"search_term_string\"}}],\"inLanguage\":\"en-US\"},{\"@type\":\"Organization\",\"@id\":\"https:\\\/\\\/nockberge-trail.com\\\/#organization\",\"name\":\"Nockberge Trail\",\"url\":\"https:\\\/\\\/nockberge-trail.com\\\/\",\"logo\":{\"@type\":\"ImageObject\",\"inLanguage\":\"en-US\",\"@id\":\"https:\\\/\\\/nockberge-trail.com\\\/#\\\/schema\\\/logo\\\/image\\\/\",\"url\":\"https:\\\/\\\/nockberge-trail.com\\\/wp-content\\\/uploads\\\/2017\\\/09\\\/Schriftzug_Logo_2-e1505987534644.png\",\"contentUrl\":\"https:\\\/\\\/nockberge-trail.com\\\/wp-content\\\/uploads\\\/2017\\\/09\\\/Schriftzug_Logo_2-e1505987534644.png\",\"width\":150,\"height\":90,\"caption\":\"Nockberge Trail\"},\"image\":{\"@id\":\"https:\\\/\\\/nockberge-trail.com\\\/#\\\/schema\\\/logo\\\/image\\\/\"}}]}<\/script>\n<!-- \/ Yoast SEO plugin. -->","yoast_head_json":{"title":"Reiseveranstalter Nockberge-Trail Skidurchquerung K\u00e4rntner Nockberge","description":"Offizielle Nockberge-Trail Reiseveranstalter. In 4 Tagesetappen durch den wundersch\u00f6nen Biosph\u00e4renpark in den K\u00e4rntner Nockbergen.","robots":{"index":"index","follow":"follow","max-snippet":"max-snippet:-1","max-image-preview":"max-image-preview:large","max-video-preview":"max-video-preview:-1"},"canonical":"https:\/\/nockberge-trail.com\/en\/tour-operator\/","og_locale":"en_US","og_type":"article","og_title":"Reiseveranstalter Nockberge-Trail Skidurchquerung K\u00e4rntner Nockberge","og_description":"Offizielle Nockberge-Trail Reiseveranstalter. In 4 Tagesetappen durch den wundersch\u00f6nen Biosph\u00e4renpark in den K\u00e4rntner Nockbergen.","og_url":"https:\/\/nockberge-trail.com\/en\/tour-operator\/","og_site_name":"Nockberge-Trail","article_modified_time":"2022-12-22T08:33:22+00:00","twitter_card":"summary_large_image","twitter_misc":{"Est. reading time":"3 minutes"},"schema":{"@context":"https:\/\/schema.org","@graph":[{"@type":"WebPage","@id":"https:\/\/nockberge-trail.com\/en\/tour-operator\/","url":"https:\/\/nockberge-trail.com\/en\/tour-operator\/","name":"Reiseveranstalter Nockberge-Trail Skidurchquerung K\u00e4rntner Nockberge","isPartOf":{"@id":"https:\/\/nockberge-trail.com\/#website"},"datePublished":"2021-10-15T06:44:13+00:00","dateModified":"2022-12-22T08:33:22+00:00","description":"Offizielle Nockberge-Trail Reiseveranstalter. In 4 Tagesetappen durch den wundersch\u00f6nen Biosph\u00e4renpark in den K\u00e4rntner Nockbergen.","breadcrumb":{"@id":"https:\/\/nockberge-trail.com\/en\/tour-operator\/#breadcrumb"},"inLanguage":"en-US","potentialAction":[{"@type":"ReadAction","target":["https:\/\/nockberge-trail.com\/en\/tour-operator\/"]}]},{"@type":"BreadcrumbList","@id":"https:\/\/nockberge-trail.com\/en\/tour-operator\/#breadcrumb","itemListElement":[{"@type":"ListItem","position":1,"name":"Startseite","item":"https:\/\/nockberge-trail.com\/en\/"},{"@type":"ListItem","position":2,"name":"Tour Operator"}]},{"@type":"WebSite","@id":"https:\/\/nockberge-trail.com\/#website","url":"https:\/\/nockberge-trail.com\/","name":"Nockberge-Trail","description":"Skitouren Nockberge","publisher":{"@id":"https:\/\/nockberge-trail.com\/#organization"},"potentialAction":[{"@type":"SearchAction","target":{"@type":"EntryPoint","urlTemplate":"https:\/\/nockberge-trail.com\/?s={search_term_string}"},"query-input":{"@type":"PropertyValueSpecification","valueRequired":true,"valueName":"search_term_string"}}],"inLanguage":"en-US"},{"@type":"Organization","@id":"https:\/\/nockberge-trail.com\/#organization","name":"Nockberge Trail","url":"https:\/\/nockberge-trail.com\/","logo":{"@type":"ImageObject","inLanguage":"en-US","@id":"https:\/\/nockberge-trail.com\/#\/schema\/logo\/image\/","url":"https:\/\/nockberge-trail.com\/wp-content\/uploads\/2017\/09\/Schriftzug_Logo_2-e1505987534644.png","contentUrl":"https:\/\/nockberge-trail.com\/wp-content\/uploads\/2017\/09\/Schriftzug_Logo_2-e1505987534644.png","width":150,"height":90,"caption":"Nockberge Trail"},"image":{"@id":"https:\/\/nockberge-trail.com\/#\/schema\/logo\/image\/"}}]}},"_links":{"self":[{"href":"https:\/\/nockberge-trail.com\/en\/wp-json\/wp\/v2\/pages\/3117","targetHints":{"allow":["GET"]}}],"collection":[{"href":"https:\/\/nockberge-trail.com\/en\/wp-json\/wp\/v2\/pages"}],"about":[{"href":"https:\/\/nockberge-trail.com\/en\/wp-json\/wp\/v2\/types\/page"}],"author":[{"embeddable":true,"href":"https:\/\/nockberge-trail.com\/en\/wp-json\/wp\/v2\/users\/1"}],"replies":[{"embeddable":true,"href":"https:\/\/nockberge-trail.com\/en\/wp-json\/wp\/v2\/comments?post=3117"}],"version-history":[{"count":0,"href":"https:\/\/nockberge-trail.com\/en\/wp-json\/wp\/v2\/pages\/3117\/revisions"}],"wp:attachment":[{"href":"https:\/\/nockberge-trail.com\/en\/wp-json\/wp\/v2\/media?parent=3117"}],"curies":[{"name":"wp","href":"https:\/\/api.w.org\/{rel}","templated":true}]}}